{"id":1782,"date":"2024-09-19T14:34:20","date_gmt":"2024-09-19T12:34:20","guid":{"rendered":"https:\/\/hema-swiss-blades.ch\/en\/?page_id=1782"},"modified":"2024-09-19T14:35:36","modified_gmt":"2024-09-19T12:35:36","slug":"workshops-2019","status":"publish","type":"page","link":"http:\/\/hema-swiss-blades.ch\/en\/workshops-2019\/","title":{"rendered":"Workshops 2019"},"content":{"rendered":"<hr>\n<div id=\"viking\">\n<div id=\"sabre-roworth\">\n<div id=\"messer-leckuechner\">\n<h4 id=\"knife-jacket\"><span id=\"result_box\" class=\"\" lang=\"en\"><span class=\"\">Defending your honour and life with a knife, according to \u00c9mile Andr\u00e9<\/span><\/span><\/h4>\n<p><a href=\"http:\/\/hema-swiss-blades.ch\/en\/instructors-2019\/#mickael-vieillard\">By Micka\u00ebl Vieillard<\/a><\/p>\n<p><span id=\"result_box\" class=\"\" lang=\"en\">In his 1905 treatise \u201c100 Ways to Defend with Weapons\u201d, \u00c9mile Andr\u00e9 extrapolates a method of knife fighting with the use of the jacket as a shield. This method combines the blows of the hall fencing, the French boxing and the Spanish Navaja, itself stemming from the old fencing with the rapier and the cloak. There are several testimonies of this combination of weapons in duels honors in Paris in the late nineteenth and early twentieth century. This workshop will focus on the combination of fencing and boxing, as well as the discovery of distance and nervousness specific to knife fighting.<\/span><\/p>\n<p><span class=\"\"><strong>Equipment<\/strong>: a knife simulator (plastic, wood, newspaper \u2026), a simple casual jacket and if possible a mask and small gloves.<\/span><\/p>\n<hr>\n<div id=\"staff-phm\">\n<h4>Elementary PHM Half Staff<\/h4>\n<p><a href=\"http:\/\/hema-swiss-blades.ch\/en\/instructors-2019\/#christian-stickel\">By Christian Stickel<\/a><\/p>\n<p>The workshop aims at educating practitioners in understanding basic principles like structure, targeting and power-generation with the short staff or spear. All principles are explained and explored by means of techniques and excerpts from plays taken from Paulus Hector Mairs MSS Dresd.C.93. The workshop addresses beginners as well as inermediate fencers. Preliminary knowledge of Half Staff fencing or pole weapons is not necessary. You should bring your fencing mask and light gloves as well as a Half Staff if you can. According to your body size it should have the height of your nose and a diameter of around 3 cm. Ash is excellent wood for that. I will bring 15 Half Staffs from my club.<\/p>\n<p><strong>Level<\/strong>: Beginner-Intermediate<br \/>\n<strong>Required<\/strong> <strong>gear<\/strong>: light gloves, mask<\/p>\n<hr>\n<div id=\"rapier-meyer\">\n<h4>Meyer\u2019s Four Opponents<\/h4>\n<p><a href=\"http:\/\/hema-swiss-blades.ch\/en\/instructors-2019\/#theodore-laverdure\">By Th\u00e9odore Laverdure<\/a><br \/>\nAssistant: Rose Laverdure<\/p>\n<p>Joachim Meyer describes all fencers as being either Violent, Artful, Judicious, or Foolish. Meyer\u2019s Four Opponents represent four different strategies employed by fencers. Each strategy has advantages and disadvantages and Joachim Meyer insists that all fencers fall within these categories and that we learn all four categories so that we can deceive and defeat our opponents \u201cthat much more surely.\u201d In this workshop, using the Rappier, we will explore the strategies and techniques employed by Meyer\u2019s Four Opponents. We will develop these strategies to counter each combatant and lastly, we will learn how to use the four Combatants postures and techniques to deceive our opponents in freeplay.<br \/>\nThis workshop is an introduction to Meyer\u2019s Rappier with a focus on strategy. It is suitable for those with basic knowledge of Liechtenauer or Meyer techniques.<\/p>\n<p><strong>Minimum equipment<\/strong>: One handed sword, mask, gloves. A fencing jacket is preferred but not essential.<\/p>\n<hr>\n<div id=\"catch\">\n<h4>Catch-As-Catch-Can \u2013 No Holds Barred<\/h4>\n<p><a href=\"http:\/\/hema-swiss-blades.ch\/en\/instructors-2019\/#chris-halpin\">By Chris Halpin<\/a><br \/>\nAssistant: Lauren Ireland<\/p>\n<p>In this workshop we will explore the principles of catch wrestling. We will look at ways to submit our opponent as well as consider how to pin them, and we will examine how to continue a fight after it goes to the ground as we explore this unique and fascinating wrestling system. No grappling or wrestling experience is required, although groin protection may be useful to avoid any to avoid unfortunate accidents. Expect to have a wonderful time rolling around on the floor and making new friends.<\/p>\n<hr>\n<div id=\"drills-eskrima\">\n<h4>The use of modern Eskrima \u2013 Drills to improve your skills with one \u2013 handed blades \/ weapons<\/h4>\n<p><a href=\"http:\/\/hema-swiss-blades.ch\/en\/instructors-2019\/#ferdi-hutter\">By Ferdi Hutter<\/a><br \/>\nAssistant: Nathalie Strassmann<\/p>\n<p>The subject of our workshop will be the use of Eskrima\/Kali\/Arnis \u2013 drills to improve your handling of one handed \u2013 sword \/ saber \/ sidesword or similar weapons. We will show you several drills that we teach in our classes, which are easy to learn and if you want to, to teach. All drills can be practised with a stick, a waster or a steel-weapon. All drills are designed in order to produce maximum benefits for your footwork and your ability to handle a blade.<\/p>\n<p>You can bring along your own one \u2013 handed weapon, but their will be plenty of sticks to fight with. At the end of the workshop their will be some sparring for those participants who want to, so feel free to take your gear with you.<\/p>\n<hr>\n<div id=\"messer-fechtschule\">\n<h4>Messer for the Fechtschule \u2013 how to humiliate your opponent<\/h4>\n<p><a href=\"http:\/\/hema-swiss-blades.ch\/en\/instructors-2019\/#lauren-ireland\">By Lauren Ireland<\/a><br \/>\nAssistant: Chris Halpin<\/p>\n<p>This workshop will look at some of the more unusual and esoteric plays from Leck\u00fcchner\u2019s \u201cKunst Des Messerfechtens\u201d; we will learn how to tie our opponent in knots and win the favour of our masters and peers using the messer. No experience is required, all you will need to take part is a suitable messer\/arming sword or suitable wood\/nylon simulator and a willingness to smile and have fun! Groin protection is recommended for the gentlemen and a pair of light gloves would be useful (please, no heavy gloves or gauntlets).<\/p>\n<hr>\n<div id=\"harnischfechten\">\n<h4>Harnischfechten (armoured combat)<\/h4>\n<p><a href=\"http:\/\/hema-swiss-blades.ch\/en\/instructors-2019\/#thomas-schmuziger\">By Thomas Schmuziger<\/a><\/p>\n<p>This workshop will offer an introduction to the practice of historic armor fighting. We will use simple methods, imagined with Julien Vuagniaux, to obtain realistic limitations of modern fencing protections in order to work with them on the principles of armor combat. The workshop will focus on the exploration of techniques illustrating the stages of combat in armor as I formalized at the beginning of my research. These clear steps allow the practitioner to understand more easily the underlying logic of the texts they can find in the manuscripts.<\/p>\n<p><strong>Requested material<\/strong>: The most complete HEMA protections (for the armor and heat effect) or armor. Metal gauntlets are desirable.<\/p>\n<p><strong>Level<\/strong>: Beginner and intermediate.<\/p>\n<p><strong>Note<\/strong>&nbsp;: A \u201csemi-contact\u201d commitment will be necessary during this workshop (free entries, seizures, projections, etc \u2026). The level requested will be comparable to a collaborative boxing sparring. The workshop will be given in French.<\/p>\n<hr>\n<div id=\"german-longsword\">\n<h4>The \u201clittle advice\u201d of MS3227a and Mscr.Dresd.C.487<\/h4>\n<p><a href=\"http:\/\/hema-swiss-blades.ch\/en\/instructors-2019\/#thomas-schmuziger\">By Thomas Schmuziger<\/a><\/p>\n<p>This workshop will propose a martial vision of the Germanic longsword based on the glosses of the Liechtenauer poems of MS3227a and Mscr.Dresd.C.487. Emphasis will be placed on researching and understanding the \u201clittle advice\u201d given throughout the texts, which is often ignored by modern practitioners in favor of \u201cmore effective\u201d interpretation. Without this basic understanding of the system, the best techniques are doomed to failure.<\/p>\n<p>The workshop will deal with a personal and martial vision of the Germanic longsword. Note that these proposals are totally unsuited to modern competitive practices. The proposed program will explore various logics stemming from this particular vision, a time of free contradictory debate will be planned at the end of the workshop.<\/p>\n<p><strong>Requested material<\/strong>: Mask, gorget, gloves. Chest protection possible.<\/p>\n<p><strong>Advanced level<\/strong>: you need to have notions of time, measurement, f\u00fchlen, struggle and ironwork.<\/p>\n<p><strong>Note<\/strong>: The work will be done with a steel weapon (feder or non-cutting replica) but only in collaborative mode or in \u201cslow sparring\u201d. The workshop will be given in French.<\/p>\n<hr>\n<div id=\"smallsword\">\n<h4>Smallsword \u2013 How to be elegantly lethal<\/h4>\n<p><a href=\"http:\/\/hema-swiss-blades.ch\/en\/instructors-2019\/#susan-kirk\">By Susan Kirk<\/a><\/p>\n<p>In this session you will be introduced to some of the classic smallsword moves \u2013 the Flanconnade, Volta and Demi Volta as well as some disarms. All these done of course with characteristic smallsword gentlemanly aplomb\/swagger as it is essential with Smallsword to look effortlessly elegant whilst lethally stabbing your opponent.<\/p>\n<p><strong>Level<\/strong>: Beginner and Intermediate<\/p>\n<p><strong>Equipment<\/strong>: mask, chest protector, light jacket, light gloves and a smallsword or foil.<\/p>\n<hr>\n<div id=\"bartitsu\">\n<h4>Bartitsu \u2013 an introduction<\/h4>\n<p><a href=\"http:\/\/hema-swiss-blades.ch\/en\/instructors-2019\/#susan-kirk\">By Susan Kirk<\/a><\/p>\n<p>In the late 1890\u2019s the Bartitsu club in London taught a self defence system for men and women that combined the \u2018manly arts\u2019 of the day (wrestling, purring\/shin kicking, pugilism, savate, la canne\/cane fighting and backsword) with the newly introduced Eastern martial art of Jiu Jitsu. A key focus of Bartitsu was around using anything commonly carried or \u2018to hand\u2019 such as umbrellas, walking sticks, hats, coats or even bicycles.<\/p>\n<p>This practical and fun session will cover moves from EW Barton Wright, Professor Pierre Vigny, and others to give a good taster of the Bartitsu system.<\/p>\n<p><strong>Level<\/strong>: Beginner<\/p>\n<p><strong>Equipment<\/strong>: We will be looking in part of the session at both straight and hooked canes\/walking sticks, so bring both along if you have them. Recommended kit includes gloves, fencing mask, groin guard(men). Optional extras include chest protector and forearm protector<\/p>\n<hr>\n<div id=\"step-line\">\n<h4>Stepping the line<\/h4>\n<p><a href=\"http:\/\/hema-swiss-blades.ch\/en\/instructors-2019\/#jay-maxwell\">By Jay Maxwell<\/a><\/p>\n<p>Contrary to popular belief, the North Italian systems of fencing were not based on linear thrusting, but rather complex and subtle systems of footwork. Comparing various diagrams of the 16th century, we shall unlock the movements upon which these elegant styles of swordsmanship were based. Far more than just positions to place ones feet, these diagrams will also help to adjust and improve your posture, balance and understanding of fundamental techniques. This workshop starts with simple drills and builds in a manner that allows the combinations to be grasped even by beginners.<\/p>\n<p><strong>Level<\/strong>: Beginner<\/p>\n<p><strong>Equipment<\/strong>: Mask, swords<\/p>\n<hr>\n<div id=\"hall-street\">\n<h4>From the hall to the street \u2013 cane, boxing and other subtilities<\/h4>\n<p><a href=\"http:\/\/hema-swiss-blades.ch\/en\/instructors-2019\/#vincent-cyril\">By Vincent Deluz et Cyril Kurso<\/a><\/p>\n<p>During this workshop, we will study the techniques of sports games taught in the late nineteenth and early twentieth century (cane, boxing and fight from the texts of Leboucher, Emile Andr\u00e9, Georges Dubois, Jean Joseph-Renaud, Charlemont father and son, Jacomb \u2026 and a few others) by comparing them to the needs and demands of street aggression.<\/p>\n<p>We will discuss the three distances of an engaged street fight and the ways of using the knowledge at our disposal to escape unscathed. How to combine the sports knowledge of a hall art face, no longer a partner, but an opponent?<\/p>\n<p><strong>Level:<\/strong> from beginner to expert, we are not elitists<\/p>\n<p><strong>Equipment:<\/strong> pubic protection highly recommended&nbsp;; mittens or MMA gloves (no boxing gloves!) recommended but not mandatory&nbsp;; canes can be made available by instructors.<\/p>\n<hr>\n<div id=\"sword-fiore\">\n<h4>Long or short, that\u2019s how you play it. Oh, and animals. And break his teeth, also \u2013 Fiore dei Liberi\u2019s sword held in two hands<\/h4>\n<p><a href=\"http:\/\/hema-swiss-blades.ch\/en\/instructors-2019\/#fabrice-cognot\">By Fabrice Cognot<\/a><\/p>\n<p>Furlan Master Fiore die Liberi da Premariaccio left us several examples of his florilegium of arms \u2013 his legacy after several decades learning and teaching the Arts of Fighting in the late XIVth and early XVth centuries. Integral part of his teachings, the Sword holds a very specific place as the weapon of the highest honour and virtue. In this class, we shall cover the basics, principles and articulations of Fiore\u2019s sword in two hands, through various plays of his Giocco Largo and Giocco Stretto.<\/p>\n<p><strong>Equipment:<\/strong> fencing mask, longsword simulator, cup, gloves would come in handy.<\/p>\n<hr>\n<div id=\"rock-hardplace\">\n<h4>Between a Rock and a Hard place<\/h4>\n<p><a href=\"http:\/\/hema-swiss-blades.ch\/en\/instructors-2019\/#michel-rensen\">By Michel Rensen<\/a><\/p>\n<p>Swordfighting is all about making choices. Should I attack now or later? HOW should I attack? Should I retreat or advance? All choices have consequences: some good, some bad. It\u2019s our job to make sure that our opponent\u2019s options are limited. So limited that the only choices they can make is how and where they will lose. This is more than just attacking really fast and hope you\u2019ll hit at some point; the opponent needs to feel pressured and be absolutely certain that whatever they do, they\u2019ll get hit. In this workshop, we will go over very foundational movements and core principles to help us make our opponent\u2019s world very uncomfortable indeed. Using relatively simple movements and concepts, we will put our opponent between a rock and a hard place.<\/p>\n<p><strong>Level:<\/strong> This workshop is open to practitioners of all levels.<\/p>\n<p><strong>Equipment:<\/strong> Longsword, mask with back-of-head protection, throat guard, gloves and chest protection. More gear will allow for more dynamic drilling, but all exercises can be done with relatively low gear.<\/p>\n<hr>\n<div id=\"there-back\">\n<h4>There and Back Again<\/h4>\n<p><a href=\"http:\/\/hema-swiss-blades.ch\/en\/instructors-2019\/#michel-rensen\">By Michel Rensen<\/a><\/p>\n<p>Going after that one hit is very tempting. Many dangers are to be found on the way to that hit, but sometimes we are so focused on the hit that we don\u2019t even realise the danger we are in. Or, worse still: we manage to make a hit unscathed, but are struck ourselves right after! Getting away safely is just as important as arriving safely.<\/p>\n<p>In this workshop, we are going on an adventure: we will try to make our hits as safely as possible, and we will attempt to ensure nothing bad happens after that either. The workshop will be based on two very important texts: Liechtenauer\u2019s Zettel and Tolkien\u2019s The Hobbit.<\/p>\n<p><strong>Equipment:<\/strong> longsword, mask with back-of-head protection, throat guard, gloves and chest protection. More gear will allow for more dynamic drilling, but all exercises can be done with relatively low gear.<\/p>\n<\/div>\n<\/div>\n<\/div>\n<\/div>\n<\/div>\n<\/div>\n<\/div>\n<\/div>\n<\/div>\n<\/div>\n<\/div>\n<\/div>\n<\/div>\n<\/div>\n<\/div>\n<hr>\n<\/div>\n<\/div>\n","protected":false},"excerpt":{"rendered":"<p>Defending your honour and life with a knife, according to \u00c9mile Andr\u00e9 By Micka\u00ebl Vieillard In his 1905 treatise \u201c100 Ways to Defend with Weapons\u201d, \u00c9mile Andr\u00e9 extrapolates a method of knife fighting with the use of the jacket as <a class=\"more-link\" href=\"http:\/\/hema-swiss-blades.ch\/en\/workshops-2019\/\">Read More &#8230;<\/a><\/p>\n","protected":false},"author":2,"featured_media":67,"parent":0,"menu_order":0,"comment_status":"closed","ping_status":"closed","template":"","meta":{"ngg_post_thumbnail":0,"jetpack_post_was_ever_published":false,"footnotes":""},"class_list":["post-1782","page","type-page","status-publish","has-post-thumbnail","hentry"],"yoast_head":"<!-- This site is optimized with the Yoast SEO plugin v24.7 - https:\/\/yoast.com\/wordpress\/plugins\/seo\/ -->\n<title>Workshops 2019 - Swiss Blades<\/title>\n<meta name=\"robots\" content=\"index, follow, max-snippet:-1, max-image-preview:large, max-video-preview:-1\" \/>\n<link rel=\"canonical\" href=\"https:\/\/hema-swiss-blades.ch\/en\/workshops-2019\/\" \/>\n<meta property=\"og:locale\" content=\"en_US\" \/>\n<meta property=\"og:type\" content=\"article\" \/>\n<meta property=\"og:title\" content=\"Workshops 2019 - Swiss Blades\" \/>\n<meta property=\"og:description\" content=\"Defending your honour and life with a knife, according to \u00c9mile Andr\u00e9 By Micka\u00ebl Vieillard In his 1905 treatise \u201c100 Ways to Defend with Weapons\u201d, \u00c9mile Andr\u00e9 extrapolates a method of knife fighting with the use of the jacket as Read More ...\" \/>\n<meta property=\"og:url\" content=\"https:\/\/hema-swiss-blades.ch\/en\/workshops-2019\/\" \/>\n<meta property=\"og:site_name\" content=\"Swiss Blades\" \/>\n<meta property=\"article:modified_time\" content=\"2024-09-19T12:35:36+00:00\" \/>\n<meta property=\"og:image\" content=\"https:\/\/i0.wp.com\/hema-swiss-blades.ch\/en\/wp-content\/uploads\/2017\/02\/ateliers_ok.jpg?fit=2464%2C900&ssl=1\" \/>\n\t<meta property=\"og:image:width\" content=\"2464\" \/>\n\t<meta property=\"og:image:height\" content=\"900\" \/>\n\t<meta property=\"og:image:type\" content=\"image\/jpeg\" \/>\n<meta name=\"twitter:card\" content=\"summary_large_image\" \/>\n<meta name=\"twitter:label1\" content=\"Est. reading time\" \/>\n\t<meta name=\"twitter:data1\" content=\"10 minutes\" \/>\n<script type=\"application\/ld+json\" class=\"yoast-schema-graph\">{\"@context\":\"https:\/\/schema.org\",\"@graph\":[{\"@type\":\"WebPage\",\"@id\":\"https:\/\/hema-swiss-blades.ch\/en\/workshops-2019\/\",\"url\":\"https:\/\/hema-swiss-blades.ch\/en\/workshops-2019\/\",\"name\":\"Workshops 2019 - Swiss Blades\",\"isPartOf\":{\"@id\":\"http:\/\/hema-swiss-blades.ch\/en\/#website\"},\"primaryImageOfPage\":{\"@id\":\"https:\/\/hema-swiss-blades.ch\/en\/workshops-2019\/#primaryimage\"},\"image\":{\"@id\":\"https:\/\/hema-swiss-blades.ch\/en\/workshops-2019\/#primaryimage\"},\"thumbnailUrl\":\"https:\/\/i0.wp.com\/hema-swiss-blades.ch\/en\/wp-content\/uploads\/2017\/02\/ateliers_ok.jpg?fit=2464%2C900\",\"datePublished\":\"2024-09-19T12:34:20+00:00\",\"dateModified\":\"2024-09-19T12:35:36+00:00\",\"breadcrumb\":{\"@id\":\"https:\/\/hema-swiss-blades.ch\/en\/workshops-2019\/#breadcrumb\"},\"inLanguage\":\"en-US\",\"potentialAction\":[{\"@type\":\"ReadAction\",\"target\":[\"https:\/\/hema-swiss-blades.ch\/en\/workshops-2019\/\"]}]},{\"@type\":\"ImageObject\",\"inLanguage\":\"en-US\",\"@id\":\"https:\/\/hema-swiss-blades.ch\/en\/workshops-2019\/#primaryimage\",\"url\":\"https:\/\/i0.wp.com\/hema-swiss-blades.ch\/en\/wp-content\/uploads\/2017\/02\/ateliers_ok.jpg?fit=2464%2C900\",\"contentUrl\":\"https:\/\/i0.wp.com\/hema-swiss-blades.ch\/en\/wp-content\/uploads\/2017\/02\/ateliers_ok.jpg?fit=2464%2C900\",\"width\":2464,\"height\":900},{\"@type\":\"BreadcrumbList\",\"@id\":\"https:\/\/hema-swiss-blades.ch\/en\/workshops-2019\/#breadcrumb\",\"itemListElement\":[{\"@type\":\"ListItem\",\"position\":1,\"name\":\"Home\",\"item\":\"http:\/\/hema-swiss-blades.ch\/en\/\"},{\"@type\":\"ListItem\",\"position\":2,\"name\":\"Workshops 2019\"}]},{\"@type\":\"WebSite\",\"@id\":\"http:\/\/hema-swiss-blades.ch\/en\/#website\",\"url\":\"http:\/\/hema-swiss-blades.ch\/en\/\",\"name\":\"Swiss Blades\",\"description\":\"International HEMA event in Switzerland -11-13 September, 2026\",\"potentialAction\":[{\"@type\":\"SearchAction\",\"target\":{\"@type\":\"EntryPoint\",\"urlTemplate\":\"http:\/\/hema-swiss-blades.ch\/en\/?s={search_term_string}\"},\"query-input\":{\"@type\":\"PropertyValueSpecification\",\"valueRequired\":true,\"valueName\":\"search_term_string\"}}],\"inLanguage\":\"en-US\"}]}<\/script>\n<!-- \/ Yoast SEO plugin. -->","yoast_head_json":{"title":"Workshops 2019 - Swiss Blades","robots":{"index":"index","follow":"follow","max-snippet":"max-snippet:-1","max-image-preview":"max-image-preview:large","max-video-preview":"max-video-preview:-1"},"canonical":"https:\/\/hema-swiss-blades.ch\/en\/workshops-2019\/","og_locale":"en_US","og_type":"article","og_title":"Workshops 2019 - Swiss Blades","og_description":"Defending your honour and life with a knife, according to \u00c9mile Andr\u00e9 By Micka\u00ebl Vieillard In his 1905 treatise \u201c100 Ways to Defend with Weapons\u201d, \u00c9mile Andr\u00e9 extrapolates a method of knife fighting with the use of the jacket as Read More ...","og_url":"https:\/\/hema-swiss-blades.ch\/en\/workshops-2019\/","og_site_name":"Swiss Blades","article_modified_time":"2024-09-19T12:35:36+00:00","og_image":[{"width":2464,"height":900,"url":"https:\/\/i0.wp.com\/hema-swiss-blades.ch\/en\/wp-content\/uploads\/2017\/02\/ateliers_ok.jpg?fit=2464%2C900&ssl=1","type":"image\/jpeg"}],"twitter_card":"summary_large_image","twitter_misc":{"Est. reading time":"10 minutes"},"schema":{"@context":"https:\/\/schema.org","@graph":[{"@type":"WebPage","@id":"https:\/\/hema-swiss-blades.ch\/en\/workshops-2019\/","url":"https:\/\/hema-swiss-blades.ch\/en\/workshops-2019\/","name":"Workshops 2019 - Swiss Blades","isPartOf":{"@id":"http:\/\/hema-swiss-blades.ch\/en\/#website"},"primaryImageOfPage":{"@id":"https:\/\/hema-swiss-blades.ch\/en\/workshops-2019\/#primaryimage"},"image":{"@id":"https:\/\/hema-swiss-blades.ch\/en\/workshops-2019\/#primaryimage"},"thumbnailUrl":"https:\/\/i0.wp.com\/hema-swiss-blades.ch\/en\/wp-content\/uploads\/2017\/02\/ateliers_ok.jpg?fit=2464%2C900","datePublished":"2024-09-19T12:34:20+00:00","dateModified":"2024-09-19T12:35:36+00:00","breadcrumb":{"@id":"https:\/\/hema-swiss-blades.ch\/en\/workshops-2019\/#breadcrumb"},"inLanguage":"en-US","potentialAction":[{"@type":"ReadAction","target":["https:\/\/hema-swiss-blades.ch\/en\/workshops-2019\/"]}]},{"@type":"ImageObject","inLanguage":"en-US","@id":"https:\/\/hema-swiss-blades.ch\/en\/workshops-2019\/#primaryimage","url":"https:\/\/i0.wp.com\/hema-swiss-blades.ch\/en\/wp-content\/uploads\/2017\/02\/ateliers_ok.jpg?fit=2464%2C900","contentUrl":"https:\/\/i0.wp.com\/hema-swiss-blades.ch\/en\/wp-content\/uploads\/2017\/02\/ateliers_ok.jpg?fit=2464%2C900","width":2464,"height":900},{"@type":"BreadcrumbList","@id":"https:\/\/hema-swiss-blades.ch\/en\/workshops-2019\/#breadcrumb","itemListElement":[{"@type":"ListItem","position":1,"name":"Home","item":"http:\/\/hema-swiss-blades.ch\/en\/"},{"@type":"ListItem","position":2,"name":"Workshops 2019"}]},{"@type":"WebSite","@id":"http:\/\/hema-swiss-blades.ch\/en\/#website","url":"http:\/\/hema-swiss-blades.ch\/en\/","name":"Swiss Blades","description":"International HEMA event in Switzerland -11-13 September, 2026","potentialAction":[{"@type":"SearchAction","target":{"@type":"EntryPoint","urlTemplate":"http:\/\/hema-swiss-blades.ch\/en\/?s={search_term_string}"},"query-input":{"@type":"PropertyValueSpecification","valueRequired":true,"valueName":"search_term_string"}}],"inLanguage":"en-US"}]}},"jetpack_sharing_enabled":true,"jetpack_shortlink":"https:\/\/wp.me\/P8nClW-sK","jetpack-related-posts":[],"_links":{"self":[{"href":"http:\/\/hema-swiss-blades.ch\/en\/wp-json\/wp\/v2\/pages\/1782","targetHints":{"allow":["GET"]}}],"collection":[{"href":"http:\/\/hema-swiss-blades.ch\/en\/wp-json\/wp\/v2\/pages"}],"about":[{"href":"http:\/\/hema-swiss-blades.ch\/en\/wp-json\/wp\/v2\/types\/page"}],"author":[{"embeddable":true,"href":"http:\/\/hema-swiss-blades.ch\/en\/wp-json\/wp\/v2\/users\/2"}],"replies":[{"embeddable":true,"href":"http:\/\/hema-swiss-blades.ch\/en\/wp-json\/wp\/v2\/comments?post=1782"}],"version-history":[{"count":2,"href":"http:\/\/hema-swiss-blades.ch\/en\/wp-json\/wp\/v2\/pages\/1782\/revisions"}],"predecessor-version":[{"id":1805,"href":"http:\/\/hema-swiss-blades.ch\/en\/wp-json\/wp\/v2\/pages\/1782\/revisions\/1805"}],"wp:featuredmedia":[{"embeddable":true,"href":"http:\/\/hema-swiss-blades.ch\/en\/wp-json\/wp\/v2\/media\/67"}],"wp:attachment":[{"href":"http:\/\/hema-swiss-blades.ch\/en\/wp-json\/wp\/v2\/media?parent=1782"}],"curies":[{"name":"wp","href":"https:\/\/api.w.org\/{rel}","templated":true}]}}